{"id":481,"date":"2020-03-28T13:42:36","date_gmt":"2020-03-28T13:42:36","guid":{"rendered":"https:\/\/sonant.web70117.uni5.net\/site\/?page_id=481"},"modified":"2020-03-28T13:42:36","modified_gmt":"2020-03-28T13:42:36","slug":"fale-conosco","status":"publish","type":"page","link":"https:\/\/sonant.com.br\/site\/fale-conosco\/","title":{"rendered":"Fale Conosco"},"content":{"rendered":"<h1>Contato<\/h1>\n<p><center><\/p>\n<h3>Parceria com confian\u00e7a e trabalho! Estamos procurando por lojas e representantes em todo o Brasil. Entre em contato!<\/h3>\n<p><\/center><\/p>\n<div class=\"section group\">\n<div class=\"col span_1_of_2\">\n<p>A Sonant \u00e9 exclusiva no Brasil para comercializa\u00e7\u00e3o dos produtos\u00a0<a class=\" link\" href=\"https:\/\/aheaddrumsticks.com\/distributors-south-america.html\" target=\"_blank\" rel=\"noopener noreferrer\">Ahead<\/a>\u00a0e acess\u00f3rios distribu\u00eddos pela Big Bang Distribution \u00a0e\u00a0<a class=\" link\" href=\"https:\/\/www.thedrumclip.com\/distributorsdealers.html\" target=\"_blank\" rel=\"noopener noreferrer\">DrumClip<\/a>.<\/p>\n<p><b>D\u00favidas, reclama\u00e7\u00f5es, sugest\u00f5es, pedidos, ou suporte t\u00e9cnico, entre em contato conosco.<\/b><\/p>\n<p>Rua Eduardo, 214 &#8211; sala 4 &#8211; Jardim Flor da Montanha &#8211; Guarulhos &#8211; SP &#8211; CEP-07097 290<br \/>\nCNPJ: 19.597.120\/0001-46<\/p>\n<h3>Telefone: +55 11 3230 7097<br \/>\n<a href=\"mailto:sonant@sonant.com.br\">sonant@sonant.com.br<\/a><\/h3>\n<\/div>\n<div class=\"col span_1_of_2\"><iframe loading=\"lazy\" style=\"border: 0;\" tabindex=\"0\" src=\"https:\/\/www.google.com\/maps\/embed?pb=!1m18!1m12!1m3!1d3660.348767731243!2d-46.54132078447789!3d-23.44788086329766!2m3!1f0!2f0!3f0!3m2!1i1024!2i768!4f13.1!3m3!1m2!1s0x94cef519e81db8a7%3A0x70eb8ff6e23a13d!2sR.%20Eduardo%2C%20214%20-%20Jardim%20Flor%20da%20Montanha%2C%20Guarulhos%20-%20SP%2C%2007097-290!5e0!3m2!1spt-BR!2sbr!4v1585403617567!5m2!1spt-BR!2sbr\" width=\"100%\" height=\"320\" frameborder=\"0\" allowfullscreen=\"allowfullscreen\" aria-hidden=\"false\"><\/iframe><\/div>\n<\/div>\n<p>&nbsp;<br \/>\n&nbsp;<br \/>\n&nbsp;<br \/>\n&nbsp;<br \/>\n&nbsp;<br \/>\n&nbsp;<br \/>\n&nbsp;<br \/>\n&nbsp;<br \/>\n&nbsp;<br \/>\n&nbsp;<br \/>\n&nbsp;<br \/>\n&nbsp;<br \/>\n&nbsp;<br \/>\n&nbsp;<br \/>\n&nbsp;<br \/>\n&nbsp;<br \/>\n&nbsp;<br \/>\n&nbsp;<br \/>\n&nbsp;<br \/>\n&nbsp;<br \/>\n&nbsp;<\/p>\n","protected":false},"excerpt":{"rendered":"<p>Contato Parceria com confian\u00e7a e trabalho! Estamos procurando por lojas e representantes em todo o Brasil. Entre em contato! A Sonant \u00e9 exclusiva no Brasil para comercializa\u00e7\u00e3o dos produtos\u00a0Ahead\u00a0e acess\u00f3rios distribu\u00eddos pela Big Bang Distribution \u00a0e\u00a0DrumClip. D\u00favidas, reclama\u00e7\u00f5es, sugest\u00f5es, pedidos, ou suporte t\u00e9cnico, entre em contato conosco. Rua Eduardo, 214 &#8211; sala 4 &#8211; Jardim [&hellip;]<\/p>\n","protected":false},"author":1,"featured_media":0,"parent":0,"menu_order":0,"comment_status":"closed","ping_status":"closed","template":"","meta":{"ngg_post_thumbnail":0,"footnotes":""},"class_list":["post-481","page","type-page","status-publish","hentry"],"_links":{"self":[{"href":"https:\/\/sonant.com.br\/site\/wp-json\/wp\/v2\/pages\/481","targetHints":{"allow":["GET"]}}],"collection":[{"href":"https:\/\/sonant.com.br\/site\/wp-json\/wp\/v2\/pages"}],"about":[{"href":"https:\/\/sonant.com.br\/site\/wp-json\/wp\/v2\/types\/page"}],"author":[{"embeddable":true,"href":"https:\/\/sonant.com.br\/site\/wp-json\/wp\/v2\/users\/1"}],"replies":[{"embeddable":true,"href":"https:\/\/sonant.com.br\/site\/wp-json\/wp\/v2\/comments?post=481"}],"version-history":[{"count":0,"href":"https:\/\/sonant.com.br\/site\/wp-json\/wp\/v2\/pages\/481\/revisions"}],"wp:attachment":[{"href":"https:\/\/sonant.com.br\/site\/wp-json\/wp\/v2\/media?parent=481"}],"curies":[{"name":"wp","href":"https:\/\/api.w.org\/{rel}","templated":true}]}}