{"id":389,"date":"2020-03-28T04:37:49","date_gmt":"2020-03-28T04:37:49","guid":{"rendered":"https:\/\/sonant.web70117.uni5.net\/site\/?page_id=389"},"modified":"2024-08-15T15:29:59","modified_gmt":"2024-08-15T18:29:59","slug":"produtos","status":"publish","type":"page","link":"https:\/\/sonant.com.br\/site\/produtos\/","title":{"rendered":"Produtos"},"content":{"rendered":"<h1>Produtos<\/h1>\n<p><strong>Acesse as marcas para conhecer os produtos distribu\u00eddos exclusivamente no Brasil pela Sonant.<\/strong><\/p>\n<p>S\u00e3o diversos acess\u00f3rios para os bateristas que n\u00e3o abrem m\u00e3o de qualidade, praticidade e originalidade.<\/p>\nngg_shortcode_0_placeholder\n","protected":false},"excerpt":{"rendered":"<p>Produtos Acesse as marcas para conhecer os produtos distribu\u00eddos exclusivamente no Brasil pela Sonant. S\u00e3o diversos acess\u00f3rios para os bateristas que n\u00e3o abrem m\u00e3o de qualidade, praticidade e originalidade.<\/p>\n","protected":false},"author":1,"featured_media":0,"parent":0,"menu_order":0,"comment_status":"closed","ping_status":"closed","template":"","meta":{"ngg_post_thumbnail":0,"footnotes":""},"class_list":["post-389","page","type-page","status-publish","hentry"],"_links":{"self":[{"href":"https:\/\/sonant.com.br\/site\/wp-json\/wp\/v2\/pages\/389","targetHints":{"allow":["GET"]}}],"collection":[{"href":"https:\/\/sonant.com.br\/site\/wp-json\/wp\/v2\/pages"}],"about":[{"href":"https:\/\/sonant.com.br\/site\/wp-json\/wp\/v2\/types\/page"}],"author":[{"embeddable":true,"href":"https:\/\/sonant.com.br\/site\/wp-json\/wp\/v2\/users\/1"}],"replies":[{"embeddable":true,"href":"https:\/\/sonant.com.br\/site\/wp-json\/wp\/v2\/comments?post=389"}],"version-history":[{"count":2,"href":"https:\/\/sonant.com.br\/site\/wp-json\/wp\/v2\/pages\/389\/revisions"}],"predecessor-version":[{"id":986,"href":"https:\/\/sonant.com.br\/site\/wp-json\/wp\/v2\/pages\/389\/revisions\/986"}],"wp:attachment":[{"href":"https:\/\/sonant.com.br\/site\/wp-json\/wp\/v2\/media?parent=389"}],"curies":[{"name":"wp","href":"https:\/\/api.w.org\/{rel}","templated":true}]}}